{"id":45,"date":"2023-01-08T14:05:12","date_gmt":"2023-01-08T14:05:12","guid":{"rendered":"https:\/\/tranders.com\/?page_id=45"},"modified":"2024-03-22T16:56:53","modified_gmt":"2024-03-22T16:56:53","slug":"what-i-do","status":"publish","type":"page","link":"https:\/\/tranders.com\/?page_id=45","title":{"rendered":"What I do"},"content":{"rendered":"\n<blockquote class=\"wp-block-quote is-layout-flow wp-block-quote-is-layout-flow\">\n<p><\/p>\n<\/blockquote>\n\n\n\n<div class=\"wp-block-media-text alignwide has-media-on-the-right is-stacked-on-mobile\" style=\"grid-template-columns:auto 30%\"><div class=\"wp-block-media-text__content\">\n<p>Gennem Tranders Consult hj\u00e6lper jeg firmaer med tilpasning og ops\u00e6tning af Business Central l\u00f8sninger. Jeg har fokus p\u00e5 at udnytte standardapplikationen bedst muligt og derigennem skabe enkle og v\u00e6rdiskabende processer.<\/p>\n\n\n\n<p>Herudover tilbyder jeg generel r\u00e5dgivning om anvendelse af IT og forretningssystemer og kan ogs\u00e5 indg\u00e5 i bestyrelsesarbejde. <\/p>\n\n\n\n<p><\/p>\n<\/div><figure class=\"wp-block-media-text__media\"><img loading=\"lazy\" decoding=\"async\" width=\"347\" height=\"392\" src=\"https:\/\/tranders.com\/wp-content\/uploads\/2023\/01\/Profilbillede-1.png\" alt=\"\" class=\"wp-image-87 size-full\" srcset=\"https:\/\/tranders.com\/wp-content\/uploads\/2023\/01\/Profilbillede-1.png 347w, https:\/\/tranders.com\/wp-content\/uploads\/2023\/01\/Profilbillede-1-266x300.png 266w\" sizes=\"auto, (max-width: 347px) 100vw, 347px\" \/><\/figure><\/div>\n","protected":false},"excerpt":{"rendered":"<p>Gennem Tranders Consult hj\u00e6lper jeg firmaer med tilpasning og ops\u00e6tning af Business Central l\u00f8sninger. Jeg har fokus p\u00e5 at udnytte standardapplikationen bedst muligt og derigennem skabe enkle og v\u00e6rdiskabende processer. &#8230;<\/p>\n","protected":false},"author":2,"featured_media":0,"parent":0,"menu_order":0,"comment_status":"closed","ping_status":"closed","template":"","meta":{"footnotes":""},"class_list":["post-45","page","type-page","status-publish","hentry"],"yoast_head":"<!-- This site is optimized with the Yoast SEO plugin v27.4 - https:\/\/yoast.com\/product\/yoast-seo-wordpress\/ -->\n<title>What I do - Tranders Consult<\/title>\n<meta name=\"robots\" content=\"index, follow, max-snippet:-1, max-image-preview:large, max-video-preview:-1\" \/>\n<link rel=\"canonical\" href=\"https:\/\/tranders.com\/?page_id=45\" \/>\n<meta property=\"og:locale\" content=\"da_DK\" \/>\n<meta property=\"og:type\" content=\"article\" \/>\n<meta property=\"og:title\" content=\"What I do - Tranders Consult\" \/>\n<meta property=\"og:description\" content=\"Gennem Tranders Consult hj\u00e6lper jeg firmaer med tilpasning og ops\u00e6tning af Business Central l\u00f8sninger. Jeg har fokus p\u00e5 at udnytte standardapplikationen bedst muligt og derigennem skabe enkle og v\u00e6rdiskabende processer. ...\" \/>\n<meta property=\"og:url\" content=\"https:\/\/tranders.com\/?page_id=45\" \/>\n<meta property=\"og:site_name\" content=\"Tranders Consult\" \/>\n<meta property=\"article:modified_time\" content=\"2024-03-22T16:56:53+00:00\" \/>\n<meta property=\"og:image\" content=\"https:\/\/tranders.com\/wp-content\/uploads\/2023\/01\/Profilbillede-1.png\" \/>\n<meta name=\"twitter:card\" content=\"summary_large_image\" \/>\n<meta name=\"twitter:label1\" content=\"Estimeret l\u00e6setid\" \/>\n\t<meta name=\"twitter:data1\" content=\"1 minut\" \/>\n<script type=\"application\/ld+json\" class=\"yoast-schema-graph\">{\"@context\":\"https:\\\/\\\/schema.org\",\"@graph\":[{\"@type\":\"WebPage\",\"@id\":\"https:\\\/\\\/tranders.com\\\/?page_id=45\",\"url\":\"https:\\\/\\\/tranders.com\\\/?page_id=45\",\"name\":\"What I do - Tranders Consult\",\"isPartOf\":{\"@id\":\"https:\\\/\\\/tranders.com\\\/#website\"},\"primaryImageOfPage\":{\"@id\":\"https:\\\/\\\/tranders.com\\\/?page_id=45#primaryimage\"},\"image\":{\"@id\":\"https:\\\/\\\/tranders.com\\\/?page_id=45#primaryimage\"},\"thumbnailUrl\":\"https:\\\/\\\/tranders.com\\\/wp-content\\\/uploads\\\/2023\\\/01\\\/Profilbillede-1.png\",\"datePublished\":\"2023-01-08T14:05:12+00:00\",\"dateModified\":\"2024-03-22T16:56:53+00:00\",\"breadcrumb\":{\"@id\":\"https:\\\/\\\/tranders.com\\\/?page_id=45#breadcrumb\"},\"inLanguage\":\"da-DK\",\"potentialAction\":[{\"@type\":\"ReadAction\",\"target\":[\"https:\\\/\\\/tranders.com\\\/?page_id=45\"]}]},{\"@type\":\"ImageObject\",\"inLanguage\":\"da-DK\",\"@id\":\"https:\\\/\\\/tranders.com\\\/?page_id=45#primaryimage\",\"url\":\"https:\\\/\\\/tranders.com\\\/wp-content\\\/uploads\\\/2023\\\/01\\\/Profilbillede-1.png\",\"contentUrl\":\"https:\\\/\\\/tranders.com\\\/wp-content\\\/uploads\\\/2023\\\/01\\\/Profilbillede-1.png\",\"width\":347,\"height\":392},{\"@type\":\"BreadcrumbList\",\"@id\":\"https:\\\/\\\/tranders.com\\\/?page_id=45#breadcrumb\",\"itemListElement\":[{\"@type\":\"ListItem\",\"position\":1,\"name\":\"Hjem\",\"item\":\"https:\\\/\\\/tranders.com\\\/\"},{\"@type\":\"ListItem\",\"position\":2,\"name\":\"What I do\"}]},{\"@type\":\"WebSite\",\"@id\":\"https:\\\/\\\/tranders.com\\\/#website\",\"url\":\"https:\\\/\\\/tranders.com\\\/\",\"name\":\"Tranders Consult\",\"description\":\"\",\"potentialAction\":[{\"@type\":\"SearchAction\",\"target\":{\"@type\":\"EntryPoint\",\"urlTemplate\":\"https:\\\/\\\/tranders.com\\\/?s={search_term_string}\"},\"query-input\":{\"@type\":\"PropertyValueSpecification\",\"valueRequired\":true,\"valueName\":\"search_term_string\"}}],\"inLanguage\":\"da-DK\"}]}<\/script>\n<!-- \/ Yoast SEO plugin. -->","yoast_head_json":{"title":"What I do - Tranders Consult","robots":{"index":"index","follow":"follow","max-snippet":"max-snippet:-1","max-image-preview":"max-image-preview:large","max-video-preview":"max-video-preview:-1"},"canonical":"https:\/\/tranders.com\/?page_id=45","og_locale":"da_DK","og_type":"article","og_title":"What I do - Tranders Consult","og_description":"Gennem Tranders Consult hj\u00e6lper jeg firmaer med tilpasning og ops\u00e6tning af Business Central l\u00f8sninger. Jeg har fokus p\u00e5 at udnytte standardapplikationen bedst muligt og derigennem skabe enkle og v\u00e6rdiskabende processer. ...","og_url":"https:\/\/tranders.com\/?page_id=45","og_site_name":"Tranders Consult","article_modified_time":"2024-03-22T16:56:53+00:00","og_image":[{"url":"https:\/\/tranders.com\/wp-content\/uploads\/2023\/01\/Profilbillede-1.png","type":"","width":"","height":""}],"twitter_card":"summary_large_image","twitter_misc":{"Estimeret l\u00e6setid":"1 minut"},"schema":{"@context":"https:\/\/schema.org","@graph":[{"@type":"WebPage","@id":"https:\/\/tranders.com\/?page_id=45","url":"https:\/\/tranders.com\/?page_id=45","name":"What I do - Tranders Consult","isPartOf":{"@id":"https:\/\/tranders.com\/#website"},"primaryImageOfPage":{"@id":"https:\/\/tranders.com\/?page_id=45#primaryimage"},"image":{"@id":"https:\/\/tranders.com\/?page_id=45#primaryimage"},"thumbnailUrl":"https:\/\/tranders.com\/wp-content\/uploads\/2023\/01\/Profilbillede-1.png","datePublished":"2023-01-08T14:05:12+00:00","dateModified":"2024-03-22T16:56:53+00:00","breadcrumb":{"@id":"https:\/\/tranders.com\/?page_id=45#breadcrumb"},"inLanguage":"da-DK","potentialAction":[{"@type":"ReadAction","target":["https:\/\/tranders.com\/?page_id=45"]}]},{"@type":"ImageObject","inLanguage":"da-DK","@id":"https:\/\/tranders.com\/?page_id=45#primaryimage","url":"https:\/\/tranders.com\/wp-content\/uploads\/2023\/01\/Profilbillede-1.png","contentUrl":"https:\/\/tranders.com\/wp-content\/uploads\/2023\/01\/Profilbillede-1.png","width":347,"height":392},{"@type":"BreadcrumbList","@id":"https:\/\/tranders.com\/?page_id=45#breadcrumb","itemListElement":[{"@type":"ListItem","position":1,"name":"Hjem","item":"https:\/\/tranders.com\/"},{"@type":"ListItem","position":2,"name":"What I do"}]},{"@type":"WebSite","@id":"https:\/\/tranders.com\/#website","url":"https:\/\/tranders.com\/","name":"Tranders Consult","description":"","potentialAction":[{"@type":"SearchAction","target":{"@type":"EntryPoint","urlTemplate":"https:\/\/tranders.com\/?s={search_term_string}"},"query-input":{"@type":"PropertyValueSpecification","valueRequired":true,"valueName":"search_term_string"}}],"inLanguage":"da-DK"}]}},"_links":{"self":[{"href":"https:\/\/tranders.com\/index.php?rest_route=\/wp\/v2\/pages\/45","targetHints":{"allow":["GET"]}}],"collection":[{"href":"https:\/\/tranders.com\/index.php?rest_route=\/wp\/v2\/pages"}],"about":[{"href":"https:\/\/tranders.com\/index.php?rest_route=\/wp\/v2\/types\/page"}],"author":[{"embeddable":true,"href":"https:\/\/tranders.com\/index.php?rest_route=\/wp\/v2\/users\/2"}],"replies":[{"embeddable":true,"href":"https:\/\/tranders.com\/index.php?rest_route=%2Fwp%2Fv2%2Fcomments&post=45"}],"version-history":[{"count":10,"href":"https:\/\/tranders.com\/index.php?rest_route=\/wp\/v2\/pages\/45\/revisions"}],"predecessor-version":[{"id":112,"href":"https:\/\/tranders.com\/index.php?rest_route=\/wp\/v2\/pages\/45\/revisions\/112"}],"wp:attachment":[{"href":"https:\/\/tranders.com\/index.php?rest_route=%2Fwp%2Fv2%2Fmedia&parent=45"}],"curies":[{"name":"wp","href":"https:\/\/api.w.org\/{rel}","templated":true}]}}